{"id":24365,"date":"2020-10-22T09:35:11","date_gmt":"2020-10-22T09:35:11","guid":{"rendered":"https:\/\/praxis-segrt.de\/?page_id=24365"},"modified":"2024-11-17T09:12:58","modified_gmt":"2024-11-17T09:12:58","slug":"home","status":"publish","type":"page","link":"https:\/\/praxis-segrt.de\/","title":{"rendered":"Willkommen"},"content":{"rendered":"\n<div class=\"wp-block-group alignfull has-ast-global-color-5-background-color has-background is-layout-flow wp-block-group-is-layout-flow\">\n<div class=\"wp-block-columns is-layout-flex wp-container-core-columns-is-layout-28f84493 wp-block-columns-is-layout-flex\">\n<div class=\"wp-block-column is-layout-flow wp-block-column-is-layout-flow\">\n<p>Willkommen auf der Webseite der psychotherapeutischen Praxis \u0160egrt,<\/p>\n\n\n\n<div style=\"height:46px\" aria-hidden=\"true\" class=\"wp-block-spacer\"><\/div>\n\n\n\n<p>Hier k\u00f6nnen Sie sich \u00fcber Leistungen, Qualifikationen und Finanzierungsm\u00f6glichkeiten informieren.<\/p>\n\n\n\n<p><\/p>\n\n\n\n<p>Wenn Sie als gesetztlich Versicherter einen Psychotherapieplatz bekommen m\u00f6chten, klicken Sie bitte auf &#8220;Kosten&#8221; im oberen Men\u00fc und folgen Sie den Anweisungen im Hinblick auf das Kostenerstattungsprinzip Ihrer Krankenkasse.\u00a0<br><br>Am einfachsten kontaktieren Sie mich per E-Mail info@praxis-segrt.de<br><br>Sie k\u00f6nnen mich ebenfalls telefonisch unter 01628383626 erreichen.<br>Sollten Sie mich nicht direkt erreichen, hinterlassen Sie eine Nachricht. Ich rufe Sie schnellstm\u00f6glich zur\u00fcck.<\/p>\n\n\n\n<p><br><\/p>\n<\/div>\n\n\n\n<div class=\"wp-block-column is-layout-flow wp-block-column-is-layout-flow\">\n<figure class=\"wp-block-image alignright size-full is-resized is-style-rounded\"><img loading=\"lazy\" decoding=\"async\" width=\"879\" height=\"879\" src=\"https:\/\/praxis-segrt.de\/wp-content\/uploads\/2023\/10\/IMG_0344-1.jpg\" alt=\"\" class=\"wp-image-24923\" style=\"width:395px;height:395px\" srcset=\"https:\/\/praxis-segrt.de\/wp-content\/uploads\/2023\/10\/IMG_0344-1.jpg 879w, https:\/\/praxis-segrt.de\/wp-content\/uploads\/2023\/10\/IMG_0344-1-300x300.jpg 300w, https:\/\/praxis-segrt.de\/wp-content\/uploads\/2023\/10\/IMG_0344-1-150x150.jpg 150w, https:\/\/praxis-segrt.de\/wp-content\/uploads\/2023\/10\/IMG_0344-1-768x768.jpg 768w\" sizes=\"auto, (max-width: 879px) 100vw, 879px\" \/><\/figure>\n<\/div>\n<\/div>\n<\/div>\n","protected":false},"excerpt":{"rendered":"<p>Willkommen auf der Webseite der psychotherapeutischen Praxis \u0160egrt, Hier k\u00f6nnen Sie sich \u00fcber Leistungen, Qualifikationen und Finanzierungsm\u00f6glichkeiten informieren. Wenn Sie als gesetztlich Versicherter einen Psychotherapieplatz bekommen m\u00f6chten, klicken Sie bitte auf &#8220;Kosten&#8221; im oberen Men\u00fc und folgen Sie den Anweisungen im Hinblick auf das Kostenerstattungsprinzip Ihrer Krankenkasse.\u00a0 Am einfachsten kontaktieren Sie mich per E-Mail info@praxis-segrt.de [&hellip;]<\/p>\n","protected":false},"author":1,"featured_media":0,"parent":0,"menu_order":0,"comment_status":"closed","ping_status":"closed","template":"","meta":{"om_disable_all_campaigns":false,"_monsterinsights_skip_tracking":false,"_monsterinsights_sitenote_active":false,"_monsterinsights_sitenote_note":"","_monsterinsights_sitenote_category":0,"site-sidebar-layout":"no-sidebar","site-content-layout":"plain-container","ast-site-content-layout":"default","site-content-style":"default","site-sidebar-style":"default","ast-global-header-display":"","ast-banner-title-visibility":"","ast-main-header-display":"","ast-hfb-above-header-display":"","ast-hfb-below-header-display":"","ast-hfb-mobile-header-display":"","site-post-title":"disabled","ast-breadcrumbs-content":"","ast-featured-img":"","footer-sml-layout":"","ast-disable-related-posts":"","theme-transparent-header-meta":"default","adv-header-id-meta":"","stick-header-meta":"","header-above-stick-meta":"","header-main-stick-meta":"","header-below-stick-meta":"","astra-migrate-meta-layouts":"default","ast-page-background-enabled":"default","ast-page-background-meta":{"desktop":{"background-color":"","background-image":"","background-repeat":"repeat","background-position":"center center","background-size":"auto","background-attachment":"scroll","background-type":"","background-media":"","overlay-type":"","overlay-color":"","overlay-opacity":"","overlay-gradient":""},"tablet":{"background-color":"","background-image":"","background-repeat":"repeat","background-position":"center center","background-size":"auto","background-attachment":"scroll","background-type":"","background-media":"","overlay-type":"","overlay-color":"","overlay-opacity":"","overlay-gradient":""},"mobile":{"background-color":"","background-image":"","background-repeat":"repeat","background-position":"center center","background-size":"auto","background-attachment":"scroll","background-type":"","background-media":"","overlay-type":"","overlay-color":"","overlay-opacity":"","overlay-gradient":""}},"ast-content-background-meta":{"desktop":{"background-color":"var(--ast-global-color-5)","background-image":"","background-repeat":"repeat","background-position":"center center","background-size":"auto","background-attachment":"scroll","background-type":"","background-media":"","overlay-type":"","overlay-color":"","overlay-opacity":"","overlay-gradient":""},"tablet":{"background-color":"var(--ast-global-color-5)","background-image":"","background-repeat":"repeat","background-position":"center center","background-size":"auto","background-attachment":"scroll","background-type":"","background-media":"","overlay-type":"","overlay-color":"","overlay-opacity":"","overlay-gradient":""},"mobile":{"background-color":"var(--ast-global-color-5)","background-image":"","background-repeat":"repeat","background-position":"center center","background-size":"auto","background-attachment":"scroll","background-type":"","background-media":"","overlay-type":"","overlay-color":"","overlay-opacity":"","overlay-gradient":""}},"footnotes":""},"class_list":["post-24365","page","type-page","status-publish","hentry"],"aioseo_notices":[],"_links":{"self":[{"href":"https:\/\/praxis-segrt.de\/index.php?rest_route=\/wp\/v2\/pages\/24365","targetHints":{"allow":["GET"]}}],"collection":[{"href":"https:\/\/praxis-segrt.de\/index.php?rest_route=\/wp\/v2\/pages"}],"about":[{"href":"https:\/\/praxis-segrt.de\/index.php?rest_route=\/wp\/v2\/types\/page"}],"author":[{"embeddable":true,"href":"https:\/\/praxis-segrt.de\/index.php?rest_route=\/wp\/v2\/users\/1"}],"replies":[{"embeddable":true,"href":"https:\/\/praxis-segrt.de\/index.php?rest_route=%2Fwp%2Fv2%2Fcomments&post=24365"}],"version-history":[{"count":40,"href":"https:\/\/praxis-segrt.de\/index.php?rest_route=\/wp\/v2\/pages\/24365\/revisions"}],"predecessor-version":[{"id":24933,"href":"https:\/\/praxis-segrt.de\/index.php?rest_route=\/wp\/v2\/pages\/24365\/revisions\/24933"}],"wp:attachment":[{"href":"https:\/\/praxis-segrt.de\/index.php?rest_route=%2Fwp%2Fv2%2Fmedia&parent=24365"}],"curies":[{"name":"wp","href":"https:\/\/api.w.org\/{rel}","templated":true}]}}