{"id":24366,"date":"2020-10-22T09:35:11","date_gmt":"2020-10-22T09:35:11","guid":{"rendered":"https:\/\/praxis-segrt.de\/?page_id=24366"},"modified":"2024-09-30T13:21:00","modified_gmt":"2024-09-30T13:21:00","slug":"leistungen","status":"publish","type":"page","link":"https:\/\/praxis-segrt.de\/?page_id=24366","title":{"rendered":"Kosten"},"content":{"rendered":"\n<div class=\"wp-block-group alignfull has-ast-global-color-5-background-color has-background is-layout-flow wp-block-group-is-layout-flow\">\n<p>Aktuell arbeite ich nach dem <strong>Kostenerstattungsprinzip der gesetzlichen Krankenkassen <\/strong>und mit<strong> privaten Versicherungen. <\/strong><br>Es besteht eine<strong> Kooperation mit MKK BKK und BAHN BKK.<\/strong><\/p>\n\n\n\n<p>Die Abrechnung orientiert sich an dem aktuellen EBM der KBV oder GOP der BPtK.<\/p>\n\n\n\n<div style=\"height:30px\" aria-hidden=\"true\" class=\"wp-block-spacer\"><\/div>\n\n\n\n<h3 class=\"wp-block-heading\" id=\"kostenerstattungsprinzip\">Kostenerstattungsprinzip<\/h3>\n\n\n\n<p>Dies bedeutet, dass sich Ihre Krankenkasse an den Ihnen entstandenen Kosten beteiligt. In den meisten F\u00e4llen zu 100%. Mit einer Abtretungserkl\u00e4rung kann der Therapeut direkt mit der Leistungsabteilung abrechnen.<\/p>\n\n\n\n<div style=\"height:20px\" aria-hidden=\"true\" class=\"wp-block-spacer\"><\/div>\n\n\n\n<p>Wichtig zu wissen ist auch, dass den gesetzlich Versicherten \u00fcber das Kostenerstattungsverfahren hinsichtlich der Behandlungsqualit\u00e4t keine Nachteile entstehen. Vielmehr erhalten sie die gleichen Behandlungsmethoden&nbsp;von identisch qualifizierten approbierten Psychologischen Psychotherapeuten.<\/p>\n\n\n\n<div style=\"height:30px\" aria-hidden=\"true\" class=\"wp-block-spacer\"><\/div>\n\n\n\n<h4 class=\"wp-block-heading\" id=\"was-muss-ich-tun\">Was muss ich tun?<\/h4>\n\n\n\n<p>Ihrer Krankenkasse muss eine schriftliche \u201eAbsage\u201c in Form des PTV 11 Formulars mit Vermittlungscode eines niedergelassenen Therapeuten vorliegen. Neuerdings fordern diese Sie auf, bei der Telefonservicestelle <em>116117<\/em>&nbsp;anzurufen, um sich vermitteln zu lassen. <\/p>\n\n\n\n<div style=\"height:30px\" aria-hidden=\"true\" class=\"wp-block-spacer\"><\/div>\n\n\n\n<h4 class=\"wp-block-heading\" id=\"ptv-11-formular\"><strong>PTV 11 Formular<\/strong><\/h4>\n\n\n\n<p>Nach einem ersten Gespr\u00e4ch mit einem niedergelassenen Psychotherapeuten bekommen Sie das PTV 11 Formular mit Vermittlungscode zur Weiterleitung an Ihre Krankenkasse.<\/p>\n\n\n\n<div style=\"height:30px\" aria-hidden=\"true\" class=\"wp-block-spacer\"><\/div>\n\n\n\n<h4 class=\"wp-block-heading\" id=\"konsiliarbericht\"><strong>Konsiliarbericht<\/strong><\/h4>\n\n\n\n<p>Erhalten Sie vom Therapeuten und wird von Ihrem behandelnden Arzt ausgef\u00fcllt.<\/p>\n\n\n\n<div style=\"height:30px\" aria-hidden=\"true\" class=\"wp-block-spacer\"><\/div>\n\n\n\n<h3 class=\"wp-block-heading\" id=\"selbstzahler\">Selbstzahler<\/h3>\n\n\n\n<p>Selbstverst\u00e4ndlich k\u00f6nnen Sie auch einen Therapieplatz als Selbstzahler bekommen. In diesem Fall k\u00f6nnen Sie sich direkt mit mir in Verbindung setzen, um einen Termin zu vereinbaren. Als Selbstzahler brauchen Sie keine Genehmigung Ihrer Krankenkasse und Sie d\u00fcrfen sofort mit der Therapie anfangen. Sie bekommen eine Rechnung meines Honorars, die sich an dem aktuellen EBM der KBV oder GOP der BPtK orientiert.<\/p>\n\n\n\n<div style=\"height:30px\" aria-hidden=\"true\" class=\"wp-block-spacer\"><\/div>\n\n\n\n<h3 class=\"wp-block-heading\" id=\"privat-versichert\">Privat versichert<\/h3>\n\n\n\n<p>Wenn Sie privat versichert sind, erkundigen Sie sich bitte bei Ihrer Kasse \u00fcber Ihre Versicherungsbedingungen und fordern Sie die Unterlagen f\u00fcr eine ambulante Psychotherapie postalisch an.<\/p>\n<\/div>\n","protected":false},"excerpt":{"rendered":"<p>Aktuell arbeite ich nach dem Kostenerstattungsprinzip der gesetzlichen Krankenkassen und mit privaten Versicherungen. Es besteht eine Kooperation mit MKK BKK und BAHN BKK. Die Abrechnung orientiert sich an dem aktuellen EBM der KBV oder GOP der BPtK. Kostenerstattungsprinzip Dies bedeutet, dass sich Ihre Krankenkasse an den Ihnen entstandenen Kosten beteiligt. In den meisten F\u00e4llen zu [&hellip;]<\/p>\n","protected":false},"author":1,"featured_media":0,"parent":0,"menu_order":0,"comment_status":"closed","ping_status":"closed","template":"","meta":{"om_disable_all_campaigns":false,"_monsterinsights_skip_tracking":false,"_monsterinsights_sitenote_active":false,"_monsterinsights_sitenote_note":"","_monsterinsights_sitenote_category":0,"site-sidebar-layout":"no-sidebar","site-content-layout":"plain-container","ast-site-content-layout":"default","site-content-style":"default","site-sidebar-style":"default","ast-global-header-display":"","ast-banner-title-visibility":"","ast-main-header-display":"","ast-hfb-above-header-display":"","ast-hfb-below-header-display":"","ast-hfb-mobile-header-display":"","site-post-title":"disabled","ast-breadcrumbs-content":"","ast-featured-img":"","footer-sml-layout":"","ast-disable-related-posts":"","theme-transparent-header-meta":"default","adv-header-id-meta":"","stick-header-meta":"","header-above-stick-meta":"","header-main-stick-meta":"","header-below-stick-meta":"","astra-migrate-meta-layouts":"default","ast-page-background-enabled":"default","ast-page-background-meta":{"desktop":{"background-color":"","background-image":"","background-repeat":"repeat","background-position":"center center","background-size":"auto","background-attachment":"scroll","background-type":"","background-media":"","overlay-type":"","overlay-color":"","overlay-opacity":"","overlay-gradient":""},"tablet":{"background-color":"","background-image":"","background-repeat":"repeat","background-position":"center center","background-size":"auto","background-attachment":"scroll","background-type":"","background-media":"","overlay-type":"","overlay-color":"","overlay-opacity":"","overlay-gradient":""},"mobile":{"background-color":"","background-image":"","background-repeat":"repeat","background-position":"center center","background-size":"auto","background-attachment":"scroll","background-type":"","background-media":"","overlay-type":"","overlay-color":"","overlay-opacity":"","overlay-gradient":""}},"ast-content-background-meta":{"desktop":{"background-color":"var(--ast-global-color-5)","background-image":"","background-repeat":"repeat","background-position":"center center","background-size":"auto","background-attachment":"scroll","background-type":"","background-media":"","overlay-type":"","overlay-color":"","overlay-opacity":"","overlay-gradient":""},"tablet":{"background-color":"var(--ast-global-color-5)","background-image":"","background-repeat":"repeat","background-position":"center center","background-size":"auto","background-attachment":"scroll","background-type":"","background-media":"","overlay-type":"","overlay-color":"","overlay-opacity":"","overlay-gradient":""},"mobile":{"background-color":"var(--ast-global-color-5)","background-image":"","background-repeat":"repeat","background-position":"center center","background-size":"auto","background-attachment":"scroll","background-type":"","background-media":"","overlay-type":"","overlay-color":"","overlay-opacity":"","overlay-gradient":""}},"footnotes":""},"class_list":["post-24366","page","type-page","status-publish","hentry"],"aioseo_notices":[],"_links":{"self":[{"href":"https:\/\/praxis-segrt.de\/index.php?rest_route=\/wp\/v2\/pages\/24366","targetHints":{"allow":["GET"]}}],"collection":[{"href":"https:\/\/praxis-segrt.de\/index.php?rest_route=\/wp\/v2\/pages"}],"about":[{"href":"https:\/\/praxis-segrt.de\/index.php?rest_route=\/wp\/v2\/types\/page"}],"author":[{"embeddable":true,"href":"https:\/\/praxis-segrt.de\/index.php?rest_route=\/wp\/v2\/users\/1"}],"replies":[{"embeddable":true,"href":"https:\/\/praxis-segrt.de\/index.php?rest_route=%2Fwp%2Fv2%2Fcomments&post=24366"}],"version-history":[{"count":28,"href":"https:\/\/praxis-segrt.de\/index.php?rest_route=\/wp\/v2\/pages\/24366\/revisions"}],"predecessor-version":[{"id":24932,"href":"https:\/\/praxis-segrt.de\/index.php?rest_route=\/wp\/v2\/pages\/24366\/revisions\/24932"}],"wp:attachment":[{"href":"https:\/\/praxis-segrt.de\/index.php?rest_route=%2Fwp%2Fv2%2Fmedia&parent=24366"}],"curies":[{"name":"wp","href":"https:\/\/api.w.org\/{rel}","templated":true}]}}