{"id":24368,"date":"2020-10-22T09:35:11","date_gmt":"2020-10-22T09:35:11","guid":{"rendered":"https:\/\/praxis-segrt.de\/?page_id=24368"},"modified":"2022-05-31T19:43:03","modified_gmt":"2022-05-31T19:43:03","slug":"vita","status":"publish","type":"page","link":"https:\/\/praxis-segrt.de\/?page_id=24368","title":{"rendered":"Vita"},"content":{"rendered":"\n<div class=\"wp-block-group alignfull has-ast-global-color-5-background-color has-background is-layout-flow wp-block-group-is-layout-flow\">\n<div class=\"wp-block-columns is-layout-flex wp-container-core-columns-is-layout-28f84493 wp-block-columns-is-layout-flex\">\n<div class=\"wp-block-column is-layout-flow wp-block-column-is-layout-flow\">\n<h3 class=\"wp-block-heading\" id=\"biographie\">Biographie<\/h3>\n\n\n\n<div style=\"height:15px\" aria-hidden=\"true\" class=\"wp-block-spacer\"><\/div>\n\n\n\n<p>Nach dem <strong>Studium der Psychologie (B.Sc. Maastricht University; M.Sc. Ruhr-Universit\u00e4t Bochum) <\/strong>habe ich die Ausbildung zum&nbsp;<strong>Psychologischen Psychotherapeuten<\/strong> im Schwerpunkt VT (Einzel- und Gruppentherapie) am Salus Institut f\u00fcr Verhaltenstherapie (SIV) in Kombination mit einer T\u00e4tigkeit als Bezugstherapeut in der Salus-Klinik Lindow erfolgreich absolviert.<\/p>\n\n\n\n<div style=\"height:15px\" aria-hidden=\"true\" class=\"wp-block-spacer\"><\/div>\n\n\n\n<p>Im Laufe meiner Ausbildungszeit und anschlie\u00dfenden beruflichen T\u00e4tigkeit sind mir Menschen in schwierigen Lebenssituationen, suizidalen, depressiven oder psychotischen Krisen und Abh\u00e4ngigkeitserkrankungen begegnet. Seit 2019 bin ich in Oranienburg in eigener Praxis t\u00e4tig.<\/p>\n\n\n\n<div style=\"height:15px\" aria-hidden=\"true\" class=\"wp-block-spacer\"><\/div>\n\n\n\n<p>W\u00e4hrend meines Studiums im Ausland bin ich vielen internationalen Menschen begegnet. Dies hat mein Interesse an verschiedenen Kulturen angeregt. Ich habe mir aufgrund dessen mehrere Sprachen angeeignet, auf denen ich auch therapeutische Gespr\u00e4che f\u00fchren kann <strong>(Deutsch, Englisch, Niederl\u00e4ndisch, Serbisch)<\/strong>. In meiner Freizeit bin ich an diversen Outdoor-, Sportaktivit\u00e4ten sowie kulturelle Veranstaltungen interessiert.<\/p>\n<\/div>\n\n\n\n<div class=\"wp-block-column is-layout-flow wp-block-column-is-layout-flow\">\n<div style=\"height:82px\" aria-hidden=\"true\" class=\"wp-block-spacer\"><\/div>\n\n\n\n<figure class=\"wp-block-image aligncenter size-large is-resized is-style-rounded\"><img loading=\"lazy\" decoding=\"async\" src=\"https:\/\/praxis-segrt.de\/wp-content\/uploads\/2022\/02\/Therapeut-Oranienburg-1024x1024.png\" alt=\"\" class=\"wp-image-24860\" width=\"346\" height=\"346\" srcset=\"https:\/\/praxis-segrt.de\/wp-content\/uploads\/2022\/02\/Therapeut-Oranienburg.png 1024w, https:\/\/praxis-segrt.de\/wp-content\/uploads\/2022\/02\/Therapeut-Oranienburg-300x300.png 300w, https:\/\/praxis-segrt.de\/wp-content\/uploads\/2022\/02\/Therapeut-Oranienburg-150x150.png 150w, https:\/\/praxis-segrt.de\/wp-content\/uploads\/2022\/02\/Therapeut-Oranienburg-768x768.png 768w\" sizes=\"auto, (max-width: 346px) 100vw, 346px\" \/><figcaption>Milan \u0160egrt M.Sc.<\/figcaption><\/figure>\n<\/div>\n<\/div>\n<\/div>\n","protected":false},"excerpt":{"rendered":"<p>Biographie Nach dem Studium der Psychologie (B.Sc. Maastricht University; M.Sc. Ruhr-Universit\u00e4t Bochum) habe ich die Ausbildung zum&nbsp;Psychologischen Psychotherapeuten im Schwerpunkt VT (Einzel- und Gruppentherapie) am Salus Institut f\u00fcr Verhaltenstherapie (SIV) in Kombination mit einer T\u00e4tigkeit als Bezugstherapeut in der Salus-Klinik Lindow erfolgreich absolviert. Im Laufe meiner Ausbildungszeit und anschlie\u00dfenden beruflichen T\u00e4tigkeit sind mir Menschen in [&hellip;]<\/p>\n","protected":false},"author":1,"featured_media":0,"parent":0,"menu_order":0,"comment_status":"closed","ping_status":"closed","template":"","meta":{"om_disable_all_campaigns":false,"_monsterinsights_skip_tracking":false,"_monsterinsights_sitenote_active":false,"_monsterinsights_sitenote_note":"","_monsterinsights_sitenote_category":0,"site-sidebar-layout":"default","site-content-layout":"plain-container","ast-site-content-layout":"default","site-content-style":"default","site-sidebar-style":"default","ast-global-header-display":"","ast-banner-title-visibility":"","ast-main-header-display":"","ast-hfb-above-header-display":"","ast-hfb-below-header-display":"","ast-hfb-mobile-header-display":"","site-post-title":"disabled","ast-breadcrumbs-content":"","ast-featured-img":"","footer-sml-layout":"","ast-disable-related-posts":"","theme-transparent-header-meta":"default","adv-header-id-meta":"","stick-header-meta":"","header-above-stick-meta":"","header-main-stick-meta":"","header-below-stick-meta":"","astra-migrate-meta-layouts":"default","ast-page-background-enabled":"default","ast-page-background-meta":{"desktop":{"background-color":"","background-image":"","background-repeat":"repeat","background-position":"center center","background-size":"auto","background-attachment":"scroll","background-type":"","background-media":"","overlay-type":"","overlay-color":"","overlay-opacity":"","overlay-gradient":""},"tablet":{"background-color":"","background-image":"","background-repeat":"repeat","background-position":"center center","background-size":"auto","background-attachment":"scroll","background-type":"","background-media":"","overlay-type":"","overlay-color":"","overlay-opacity":"","overlay-gradient":""},"mobile":{"background-color":"","background-image":"","background-repeat":"repeat","background-position":"center center","background-size":"auto","background-attachment":"scroll","background-type":"","background-media":"","overlay-type":"","overlay-color":"","overlay-opacity":"","overlay-gradient":""}},"ast-content-background-meta":{"desktop":{"background-color":"var(--ast-global-color-5)","background-image":"","background-repeat":"repeat","background-position":"center center","background-size":"auto","background-attachment":"scroll","background-type":"","background-media":"","overlay-type":"","overlay-color":"","overlay-opacity":"","overlay-gradient":""},"tablet":{"background-color":"var(--ast-global-color-5)","background-image":"","background-repeat":"repeat","background-position":"center center","background-size":"auto","background-attachment":"scroll","background-type":"","background-media":"","overlay-type":"","overlay-color":"","overlay-opacity":"","overlay-gradient":""},"mobile":{"background-color":"var(--ast-global-color-5)","background-image":"","background-repeat":"repeat","background-position":"center center","background-size":"auto","background-attachment":"scroll","background-type":"","background-media":"","overlay-type":"","overlay-color":"","overlay-opacity":"","overlay-gradient":""}},"footnotes":""},"class_list":["post-24368","page","type-page","status-publish","hentry"],"aioseo_notices":[],"_links":{"self":[{"href":"https:\/\/praxis-segrt.de\/index.php?rest_route=\/wp\/v2\/pages\/24368","targetHints":{"allow":["GET"]}}],"collection":[{"href":"https:\/\/praxis-segrt.de\/index.php?rest_route=\/wp\/v2\/pages"}],"about":[{"href":"https:\/\/praxis-segrt.de\/index.php?rest_route=\/wp\/v2\/types\/page"}],"author":[{"embeddable":true,"href":"https:\/\/praxis-segrt.de\/index.php?rest_route=\/wp\/v2\/users\/1"}],"replies":[{"embeddable":true,"href":"https:\/\/praxis-segrt.de\/index.php?rest_route=%2Fwp%2Fv2%2Fcomments&post=24368"}],"version-history":[{"count":20,"href":"https:\/\/praxis-segrt.de\/index.php?rest_route=\/wp\/v2\/pages\/24368\/revisions"}],"predecessor-version":[{"id":24894,"href":"https:\/\/praxis-segrt.de\/index.php?rest_route=\/wp\/v2\/pages\/24368\/revisions\/24894"}],"wp:attachment":[{"href":"https:\/\/praxis-segrt.de\/index.php?rest_route=%2Fwp%2Fv2%2Fmedia&parent=24368"}],"curies":[{"name":"wp","href":"https:\/\/api.w.org\/{rel}","templated":true}]}}