{"id":24369,"date":"2020-10-22T09:35:11","date_gmt":"2020-10-22T09:35:11","guid":{"rendered":"https:\/\/praxis-segrt.de\/?page_id=24369"},"modified":"2024-11-17T09:16:46","modified_gmt":"2024-11-17T09:16:46","slug":"kontakt-anfahrt","status":"publish","type":"page","link":"https:\/\/praxis-segrt.de\/?page_id=24369","title":{"rendered":"Kontakt\/Anfahrt"},"content":{"rendered":"\n<div class=\"wp-block-columns alignwide are-vertically-aligned-bottom has-ast-global-color-2-color has-ast-global-color-5-background-color has-text-color has-background is-layout-flex wp-container-core-columns-is-layout-28f84493 wp-block-columns-is-layout-flex\">\n<div class=\"wp-block-column is-vertically-aligned-bottom is-layout-flow wp-block-column-is-layout-flow\">\n<h3 class=\"wp-block-heading\" id=\"anschrift\">Anschrift<\/h3>\n\n\n\n<p>Sachsenhausener Stra\u00dfe 29a-31<br>16515 Oranienburg<\/p>\n\n\n\n<div style=\"height:20px\" aria-hidden=\"true\" class=\"wp-block-spacer\"><\/div>\n\n\n\n<h3 class=\"wp-block-heading\" id=\"kontakt\">Kontakt<\/h3>\n\n\n\n<p>Tel: 01628383626 <br>info@praxis-segrt.de<\/p>\n\n\n\n<div style=\"height:20px\" aria-hidden=\"true\" class=\"wp-block-spacer\"><\/div>\n\n\n\n<h3 class=\"wp-block-heading\" id=\"mit-dem-opnv\">Mit dem \u00d6PNV<\/h3>\n\n\n\n<p>Von der S-Bahn Station Oranienburg k\u00f6nnen Sie die Buslinien 802, 803, 804 oder 824 nehmen. <br>Steigen Sie an der Bushaltestelle &#8220;Heidestra\u00dfe\/Sachsenhausener Stra\u00dfe&#8221; aus. Laufen Sie links von der Kfz-Werkstatt auf das Gel\u00e4nder der IML &amp; Dexter Immobiliengesellschaft.<br>Die Praxis befindet sich an der Ecke des Dexter Geb\u00e4udes im ersten Stock.<\/p>\n\n\n\n<div style=\"height:20px\" aria-hidden=\"true\" class=\"wp-block-spacer\"><\/div>\n\n\n\n<h3 class=\"wp-block-heading\" id=\"zu-fuss\">zu Fu\u00df<\/h3>\n\n\n\n<p>Vom Bhf Oranienburg sind es ca. 12 Laufminuten.  <\/p>\n\n\n\n<div style=\"height:20px\" aria-hidden=\"true\" class=\"wp-block-spacer\"><\/div>\n\n\n\n<h3 class=\"wp-block-heading\" id=\"mit-dem-pkw\"><strong>mit dem PKW<\/strong><\/h3>\n\n\n\n<p class=\"has-text-align-left\">Vom Stadtzentrum Oranienburg verlassen Sie die Hauptstra\u00dfe in Richtung Sachsenhausen. Biegen Sie links hinter der Kfz-Werkstatt (EUROMASTER GmbH) auf das Gel\u00e4nde der Dexter\/IML Immobiliengesellschaft ab und fahren Sie durch das blaue Tor. Dort nutzen Sie am besten den gro\u00dfen Parkplatz. Das  Drehkreuz f\u00fchrt Sie auf das Gel\u00e4nde zur Praxis.                                                                             <\/p>\n\n\n\n<div style=\"height:20px\" aria-hidden=\"true\" class=\"wp-block-spacer\"><\/div>\n\n\n\n<h3 class=\"wp-block-heading\" id=\"mit-dem-fahrrad\">mit dem Fahrrad                                                        <\/h3>\n\n\n\n<p>fahren Sie rechts von der Kfz-Werkstatt (EUROMASTER GmbH) auf den gro\u00dfen Parkplatz und nutzen Sie den \u00fcberdachten Fahrradst\u00e4nder. \u00dcber das Drehkreuz gelangen Sie auf das Gel\u00e4nde zur Praxis.<\/p>\n\n\n\n<div style=\"height:168px\" aria-hidden=\"true\" class=\"wp-block-spacer\"><\/div>\n\n\n\n<div style=\"height:168px\" aria-hidden=\"true\" class=\"wp-block-spacer\"><\/div>\n<\/div>\n\n\n\n<div class=\"wp-block-column is-vertically-aligned-bottom is-layout-flow wp-block-column-is-layout-flow\">\n<div class=\"wp-block-group is-layout-flow wp-block-group-is-layout-flow\">\n<figure class=\"wp-block-gallery has-nested-images columns-default is-cropped wp-block-gallery-1 is-layout-flex wp-block-gallery-is-layout-flex\">\n<figure class=\"wp-block-image size-large is-style-default\"><img loading=\"lazy\" decoding=\"async\" width=\"1024\" height=\"747\" data-id=\"24839\" src=\"https:\/\/praxis-segrt.de\/wp-content\/uploads\/2022\/02\/Psychotherapeut-Brandenburg-1-1024x747.png\" alt=\"\" class=\"wp-image-24839\" srcset=\"https:\/\/praxis-segrt.de\/wp-content\/uploads\/2022\/02\/Psychotherapeut-Brandenburg-1-1024x747.png 1024w, https:\/\/praxis-segrt.de\/wp-content\/uploads\/2022\/02\/Psychotherapeut-Brandenburg-1-300x219.png 300w, https:\/\/praxis-segrt.de\/wp-content\/uploads\/2022\/02\/Psychotherapeut-Brandenburg-1-768x561.png 768w, https:\/\/praxis-segrt.de\/wp-content\/uploads\/2022\/02\/Psychotherapeut-Brandenburg-1-1536x1121.png 1536w, https:\/\/praxis-segrt.de\/wp-content\/uploads\/2022\/02\/Psychotherapeut-Brandenburg-1-2048x1495.png 2048w\" sizes=\"auto, (max-width: 1024px) 100vw, 1024px\" \/><\/figure>\n<\/figure>\n<\/div>\n\n\n\n<div style=\"height:39px\" aria-hidden=\"true\" class=\"wp-block-spacer\"><\/div>\n\n\n\n<figure class=\"wp-block-image size-large is-style-rounded\"><img loading=\"lazy\" decoding=\"async\" width=\"1024\" height=\"510\" src=\"https:\/\/praxis-segrt.de\/wp-content\/uploads\/2022\/02\/Verhaltentherapie-Brandenburg-1024x510.png\" alt=\"\" class=\"wp-image-24840\" srcset=\"https:\/\/praxis-segrt.de\/wp-content\/uploads\/2022\/02\/Verhaltentherapie-Brandenburg-1024x510.png 1024w, https:\/\/praxis-segrt.de\/wp-content\/uploads\/2022\/02\/Verhaltentherapie-Brandenburg-300x149.png 300w, https:\/\/praxis-segrt.de\/wp-content\/uploads\/2022\/02\/Verhaltentherapie-Brandenburg-768x382.png 768w, https:\/\/praxis-segrt.de\/wp-content\/uploads\/2022\/02\/Verhaltentherapie-Brandenburg-1536x765.png 1536w, https:\/\/praxis-segrt.de\/wp-content\/uploads\/2022\/02\/Verhaltentherapie-Brandenburg-2048x1020.png 2048w\" sizes=\"auto, (max-width: 1024px) 100vw, 1024px\" \/><\/figure>\n\n\n\n<div style=\"height:39px\" aria-hidden=\"true\" class=\"wp-block-spacer\"><\/div>\n\n\n\n<figure class=\"wp-block-image size-large is-style-rounded\"><img loading=\"lazy\" decoding=\"async\" width=\"1024\" height=\"346\" src=\"https:\/\/praxis-segrt.de\/wp-content\/uploads\/2022\/02\/Psychotherapie-Oranienburg-3-1024x346.png\" alt=\"\" class=\"wp-image-24849\" srcset=\"https:\/\/praxis-segrt.de\/wp-content\/uploads\/2022\/02\/Psychotherapie-Oranienburg-3-1024x346.png 1024w, https:\/\/praxis-segrt.de\/wp-content\/uploads\/2022\/02\/Psychotherapie-Oranienburg-3-300x101.png 300w, https:\/\/praxis-segrt.de\/wp-content\/uploads\/2022\/02\/Psychotherapie-Oranienburg-3-768x259.png 768w, https:\/\/praxis-segrt.de\/wp-content\/uploads\/2022\/02\/Psychotherapie-Oranienburg-3-1536x519.png 1536w, https:\/\/praxis-segrt.de\/wp-content\/uploads\/2022\/02\/Psychotherapie-Oranienburg-3-2048x692.png 2048w\" sizes=\"auto, (max-width: 1024px) 100vw, 1024px\" \/><\/figure>\n\n\n\n<div style=\"height:155px\" aria-hidden=\"true\" class=\"wp-block-spacer\"><\/div>\n\n\n\n<div style=\"height:200px\" aria-hidden=\"true\" class=\"wp-block-spacer\"><\/div>\n<\/div>\n<\/div>\n\n\n\n<div style=\"height:100px\" aria-hidden=\"true\" class=\"wp-block-spacer\"><\/div>\n","protected":false},"excerpt":{"rendered":"<p>Anschrift Sachsenhausener Stra\u00dfe 29a-3116515 Oranienburg Kontakt Tel: 01628383626 info@praxis-segrt.de Mit dem \u00d6PNV Von der S-Bahn Station Oranienburg k\u00f6nnen Sie die Buslinien 802, 803, 804 oder 824 nehmen. Steigen Sie an der Bushaltestelle &#8220;Heidestra\u00dfe\/Sachsenhausener Stra\u00dfe&#8221; aus. Laufen Sie links von der Kfz-Werkstatt auf das Gel\u00e4nder der IML &amp; Dexter Immobiliengesellschaft.Die Praxis befindet sich an der Ecke [&hellip;]<\/p>\n","protected":false},"author":1,"featured_media":0,"parent":0,"menu_order":0,"comment_status":"closed","ping_status":"closed","template":"","meta":{"om_disable_all_campaigns":false,"_monsterinsights_skip_tracking":false,"_monsterinsights_sitenote_active":false,"_monsterinsights_sitenote_note":"","_monsterinsights_sitenote_category":0,"site-sidebar-layout":"default","site-content-layout":"plain-container","ast-site-content-layout":"default","site-content-style":"default","site-sidebar-style":"default","ast-global-header-display":"","ast-banner-title-visibility":"","ast-main-header-display":"","ast-hfb-above-header-display":"","ast-hfb-below-header-display":"","ast-hfb-mobile-header-display":"","site-post-title":"disabled","ast-breadcrumbs-content":"","ast-featured-img":"","footer-sml-layout":"","ast-disable-related-posts":"","theme-transparent-header-meta":"default","adv-header-id-meta":"","stick-header-meta":"","header-above-stick-meta":"","header-main-stick-meta":"","header-below-stick-meta":"","astra-migrate-meta-layouts":"default","ast-page-background-enabled":"default","ast-page-background-meta":{"desktop":{"background-color":"","background-image":"","background-repeat":"repeat","background-position":"center center","background-size":"auto","background-attachment":"scroll","background-type":"","background-media":"","overlay-type":"","overlay-color":"","overlay-opacity":"","overlay-gradient":""},"tablet":{"background-color":"","background-image":"","background-repeat":"repeat","background-position":"center center","background-size":"auto","background-attachment":"scroll","background-type":"","background-media":"","overlay-type":"","overlay-color":"","overlay-opacity":"","overlay-gradient":""},"mobile":{"background-color":"","background-image":"","background-repeat":"repeat","background-position":"center center","background-size":"auto","background-attachment":"scroll","background-type":"","background-media":"","overlay-type":"","overlay-color":"","overlay-opacity":"","overlay-gradient":""}},"ast-content-background-meta":{"desktop":{"background-color":"var(--ast-global-color-5)","background-image":"","background-repeat":"repeat","background-position":"center center","background-size":"auto","background-attachment":"scroll","background-type":"","background-media":"","overlay-type":"","overlay-color":"","overlay-opacity":"","overlay-gradient":""},"tablet":{"background-color":"var(--ast-global-color-5)","background-image":"","background-repeat":"repeat","background-position":"center center","background-size":"auto","background-attachment":"scroll","background-type":"","background-media":"","overlay-type":"","overlay-color":"","overlay-opacity":"","overlay-gradient":""},"mobile":{"background-color":"var(--ast-global-color-5)","background-image":"","background-repeat":"repeat","background-position":"center center","background-size":"auto","background-attachment":"scroll","background-type":"","background-media":"","overlay-type":"","overlay-color":"","overlay-opacity":"","overlay-gradient":""}},"footnotes":""},"class_list":["post-24369","page","type-page","status-publish","hentry"],"aioseo_notices":[],"_links":{"self":[{"href":"https:\/\/praxis-segrt.de\/index.php?rest_route=\/wp\/v2\/pages\/24369","targetHints":{"allow":["GET"]}}],"collection":[{"href":"https:\/\/praxis-segrt.de\/index.php?rest_route=\/wp\/v2\/pages"}],"about":[{"href":"https:\/\/praxis-segrt.de\/index.php?rest_route=\/wp\/v2\/types\/page"}],"author":[{"embeddable":true,"href":"https:\/\/praxis-segrt.de\/index.php?rest_route=\/wp\/v2\/users\/1"}],"replies":[{"embeddable":true,"href":"https:\/\/praxis-segrt.de\/index.php?rest_route=%2Fwp%2Fv2%2Fcomments&post=24369"}],"version-history":[{"count":66,"href":"https:\/\/praxis-segrt.de\/index.php?rest_route=\/wp\/v2\/pages\/24369\/revisions"}],"predecessor-version":[{"id":24935,"href":"https:\/\/praxis-segrt.de\/index.php?rest_route=\/wp\/v2\/pages\/24369\/revisions\/24935"}],"wp:attachment":[{"href":"https:\/\/praxis-segrt.de\/index.php?rest_route=%2Fwp%2Fv2%2Fmedia&parent=24369"}],"curies":[{"name":"wp","href":"https:\/\/api.w.org\/{rel}","templated":true}]}}