{"id":24659,"date":"2022-02-02T13:48:17","date_gmt":"2022-02-02T13:48:17","guid":{"rendered":"https:\/\/praxis-segrt.de\/?page_id=24659"},"modified":"2022-02-02T15:38:38","modified_gmt":"2022-02-02T15:38:38","slug":"impressum","status":"publish","type":"page","link":"https:\/\/praxis-segrt.de\/?page_id=24659","title":{"rendered":"Impressum"},"content":{"rendered":"\n<p>Angaben gem\u00e4\u00df \u00a75 Telemediengesetz<\/p>\n\n\n\n<div style=\"height:15px\" aria-hidden=\"true\" class=\"wp-block-spacer\"><\/div>\n\n\n\n<p>Milan Segrt<br>Sachsenhausener  Stra\u00dfe 29A-31<br>16515, Oranienburg<br>Tel: 01628383626<br>praxis.segrt@gmail.com<\/p>\n\n\n\n<div style=\"height:15px\" aria-hidden=\"true\" class=\"wp-block-spacer\"><\/div>\n\n\n\n<h6 class=\"wp-block-heading\" id=\"zustandige-aufsichtsbehorde\">Zust\u00e4ndige Aufsichtsbeh\u00f6rde<\/h6>\n\n\n\n<p>Kassen\u00e4rztliche Vereinigung Brandenburg, 14469 Potsdam, Pappelallee 5<\/p>\n\n\n\n<div style=\"height:15px\" aria-hidden=\"true\" class=\"wp-block-spacer\"><\/div>\n\n\n\n<h6 class=\"wp-block-heading\" id=\"gesetzliche-berufsbezeichnung\">Gesetzliche Berufsbezeichnung<\/h6>\n\n\n\n<p>Psychologischer Psychotherapeut, verliehen in Brandenburg, Bundesrepublik Deutschland<br>Arztregisternummer: 34165<\/p>\n\n\n\n<div style=\"height:15px\" aria-hidden=\"true\" class=\"wp-block-spacer\"><\/div>\n\n\n\n<h6 class=\"wp-block-heading\" id=\"zustandige-kammer\"><strong>Zust\u00e4ndige Kammer<\/strong><\/h6>\n\n\n\n<p>Ostdeutsche Psychotherapeutenkammer, Kickerlingsberg 16, 04105 Leipzig<\/p>\n\n\n\n<div style=\"height:15px\" aria-hidden=\"true\" class=\"wp-block-spacer\"><\/div>\n\n\n\n<h6 class=\"wp-block-heading\" id=\"berufsrechtliche-regelungen\"><strong>Berufsrechtliche Regelungen<\/strong><\/h6>\n\n\n\n<p>Berufsordnung der Ostdeutschen Psychotherapeutenkammer<br>(zug\u00e4nglich durch den folgenden Link: https:\/\/opk-info.de\/wp-content\/uploads\/Berufsordnung-20141126.pdf)<\/p>\n\n\n\n<div style=\"height:15px\" aria-hidden=\"true\" class=\"wp-block-spacer\"><\/div>\n\n\n\n<h6 class=\"wp-block-heading\" id=\"berufshaftpflichtversicherung\"><strong>Berufshaftpflichtversicherung<\/strong><\/h6>\n\n\n\n<p>W\u00fcrttembergische Versicherung AG<br>Gutenbergstra\u00dfe 30<br>70176 Stuttgart, Deutschland<\/p>\n","protected":false},"excerpt":{"rendered":"<p>Angaben gem\u00e4\u00df \u00a75 Telemediengesetz Milan SegrtSachsenhausener Stra\u00dfe 29A-3116515, OranienburgTel: 01628383626praxis.segrt@gmail.com Zust\u00e4ndige Aufsichtsbeh\u00f6rde Kassen\u00e4rztliche Vereinigung Brandenburg, 14469 Potsdam, Pappelallee 5 Gesetzliche Berufsbezeichnung Psychologischer Psychotherapeut, verliehen in Brandenburg, Bundesrepublik DeutschlandArztregisternummer: 34165 Zust\u00e4ndige Kammer Ostdeutsche Psychotherapeutenkammer, Kickerlingsberg 16, 04105 Leipzig Berufsrechtliche Regelungen Berufsordnung der Ostdeutschen Psychotherapeutenkammer(zug\u00e4nglich durch den folgenden Link: https:\/\/opk-info.de\/wp-content\/uploads\/Berufsordnung-20141126.pdf) Berufshaftpflichtversicherung W\u00fcrttembergische Versicherung AGGutenbergstra\u00dfe 3070176 Stuttgart, Deutschland<\/p>\n","protected":false},"author":1,"featured_media":0,"parent":0,"menu_order":0,"comment_status":"closed","ping_status":"closed","template":"","meta":{"om_disable_all_campaigns":false,"_monsterinsights_skip_tracking":false,"_monsterinsights_sitenote_active":false,"_monsterinsights_sitenote_note":"","_monsterinsights_sitenote_category":0,"site-sidebar-layout":"default","site-content-layout":"","ast-site-content-layout":"default","site-content-style":"default","site-sidebar-style":"default","ast-global-header-display":"","ast-banner-title-visibility":"","ast-main-header-display":"","ast-hfb-above-header-display":"","ast-hfb-below-header-display":"","ast-hfb-mobile-header-display":"","site-post-title":"","ast-breadcrumbs-content":"","ast-featured-img":"","footer-sml-layout":"","ast-disable-related-posts":"","theme-transparent-header-meta":"","adv-header-id-meta":"","stick-header-meta":"","header-above-stick-meta":"","header-main-stick-meta":"","header-below-stick-meta":"","astra-migrate-meta-layouts":"default","ast-page-background-enabled":"default","ast-page-background-meta":{"desktop":{"background-color":"","background-image":"","background-repeat":"repeat","background-position":"center center","background-size":"auto","background-attachment":"scroll","background-type":"","background-media":"","overlay-type":"","overlay-color":"","overlay-opacity":"","overlay-gradient":""},"tablet":{"background-color":"","background-image":"","background-repeat":"repeat","background-position":"center center","background-size":"auto","background-attachment":"scroll","background-type":"","background-media":"","overlay-type":"","overlay-color":"","overlay-opacity":"","overlay-gradient":""},"mobile":{"background-color":"","background-image":"","background-repeat":"repeat","background-position":"center center","background-size":"auto","background-attachment":"scroll","background-type":"","background-media":"","overlay-type":"","overlay-color":"","overlay-opacity":"","overlay-gradient":""}},"ast-content-background-meta":{"desktop":{"background-color":"var(--ast-global-color-5)","background-image":"","background-repeat":"repeat","background-position":"center center","background-size":"auto","background-attachment":"scroll","background-type":"","background-media":"","overlay-type":"","overlay-color":"","overlay-opacity":"","overlay-gradient":""},"tablet":{"background-color":"var(--ast-global-color-5)","background-image":"","background-repeat":"repeat","background-position":"center center","background-size":"auto","background-attachment":"scroll","background-type":"","background-media":"","overlay-type":"","overlay-color":"","overlay-opacity":"","overlay-gradient":""},"mobile":{"background-color":"var(--ast-global-color-5)","background-image":"","background-repeat":"repeat","background-position":"center center","background-size":"auto","background-attachment":"scroll","background-type":"","background-media":"","overlay-type":"","overlay-color":"","overlay-opacity":"","overlay-gradient":""}},"footnotes":""},"class_list":["post-24659","page","type-page","status-publish","hentry"],"aioseo_notices":[],"_links":{"self":[{"href":"https:\/\/praxis-segrt.de\/index.php?rest_route=\/wp\/v2\/pages\/24659","targetHints":{"allow":["GET"]}}],"collection":[{"href":"https:\/\/praxis-segrt.de\/index.php?rest_route=\/wp\/v2\/pages"}],"about":[{"href":"https:\/\/praxis-segrt.de\/index.php?rest_route=\/wp\/v2\/types\/page"}],"author":[{"embeddable":true,"href":"https:\/\/praxis-segrt.de\/index.php?rest_route=\/wp\/v2\/users\/1"}],"replies":[{"embeddable":true,"href":"https:\/\/praxis-segrt.de\/index.php?rest_route=%2Fwp%2Fv2%2Fcomments&post=24659"}],"version-history":[{"count":12,"href":"https:\/\/praxis-segrt.de\/index.php?rest_route=\/wp\/v2\/pages\/24659\/revisions"}],"predecessor-version":[{"id":24706,"href":"https:\/\/praxis-segrt.de\/index.php?rest_route=\/wp\/v2\/pages\/24659\/revisions\/24706"}],"wp:attachment":[{"href":"https:\/\/praxis-segrt.de\/index.php?rest_route=%2Fwp%2Fv2%2Fmedia&parent=24659"}],"curies":[{"name":"wp","href":"https:\/\/api.w.org\/{rel}","templated":true}]}}