{"id":24708,"date":"2022-02-02T15:44:36","date_gmt":"2022-02-02T15:44:36","guid":{"rendered":"https:\/\/praxis-segrt.de\/?page_id=24708"},"modified":"2024-11-17T09:20:44","modified_gmt":"2024-11-17T09:20:44","slug":"aktuelles-2","status":"publish","type":"page","link":"https:\/\/praxis-segrt.de\/?page_id=24708","title":{"rendered":"Aktuelles"},"content":{"rendered":"\n<div class=\"wp-block-group alignfull has-ast-global-color-5-background-color has-background is-layout-flow wp-block-group-is-layout-flow\">\n<p><\/p>\n<\/div>\n\n\n\n<p><\/p>\n\n\n\n<div class=\"wp-block-group alignfull has-ast-global-color-5-background-color has-background is-layout-flow wp-block-group-is-layout-flow\">\n<h3 class=\"wp-block-heading\">GOP Abrechnung<\/h3>\n\n\n\n<p>Seit dem 1.7.2024 gelten neue Vereinbarungen, die mit der Bundespsychotherapeutenkammer, der Bundes\u00e4rztekammer, dem Verband der Privaten Krankenversicherung und den Beihilfestellen von Bund und L\u00e4ndern zur Erbringung neuer psychotherapeutischer Leistungen mit der DPtV, BPtK, sodass es zu ver\u00e4nderten Abrechnungen kommt.<\/p>\n<\/div>\n","protected":false},"excerpt":{"rendered":"<p>GOP Abrechnung Seit dem 1.7.2024 gelten neue Vereinbarungen, die mit der Bundespsychotherapeutenkammer, der Bundes\u00e4rztekammer, dem Verband der Privaten Krankenversicherung und den Beihilfestellen von Bund und L\u00e4ndern zur Erbringung neuer psychotherapeutischer Leistungen mit der DPtV, BPtK, sodass es zu ver\u00e4nderten Abrechnungen kommt.<\/p>\n","protected":false},"author":1,"featured_media":0,"parent":0,"menu_order":0,"comment_status":"closed","ping_status":"closed","template":"","meta":{"om_disable_all_campaigns":false,"_monsterinsights_skip_tracking":false,"_monsterinsights_sitenote_active":false,"_monsterinsights_sitenote_note":"","_monsterinsights_sitenote_category":0,"site-sidebar-layout":"no-sidebar","site-content-layout":"plain-container","ast-site-content-layout":"default","site-content-style":"default","site-sidebar-style":"default","ast-global-header-display":"","ast-banner-title-visibility":"","ast-main-header-display":"","ast-hfb-above-header-display":"","ast-hfb-below-header-display":"","ast-hfb-mobile-header-display":"","site-post-title":"disabled","ast-breadcrumbs-content":"","ast-featured-img":"","footer-sml-layout":"","ast-disable-related-posts":"","theme-transparent-header-meta":"default","adv-header-id-meta":"","stick-header-meta":"","header-above-stick-meta":"","header-main-stick-meta":"","header-below-stick-meta":"","astra-migrate-meta-layouts":"default","ast-page-background-enabled":"default","ast-page-background-meta":{"desktop":{"background-color":"","background-image":"","background-repeat":"repeat","background-position":"center center","background-size":"auto","background-attachment":"scroll","background-type":"","background-media":"","overlay-type":"","overlay-color":"","overlay-opacity":"","overlay-gradient":""},"tablet":{"background-color":"","background-image":"","background-repeat":"repeat","background-position":"center center","background-size":"auto","background-attachment":"scroll","background-type":"","background-media":"","overlay-type":"","overlay-color":"","overlay-opacity":"","overlay-gradient":""},"mobile":{"background-color":"","background-image":"","background-repeat":"repeat","background-position":"center center","background-size":"auto","background-attachment":"scroll","background-type":"","background-media":"","overlay-type":"","overlay-color":"","overlay-opacity":"","overlay-gradient":""}},"ast-content-background-meta":{"desktop":{"background-color":"var(--ast-global-color-5)","background-image":"","background-repeat":"repeat","background-position":"center center","background-size":"auto","background-attachment":"scroll","background-type":"","background-media":"","overlay-type":"","overlay-color":"","overlay-opacity":"","overlay-gradient":""},"tablet":{"background-color":"var(--ast-global-color-5)","background-image":"","background-repeat":"repeat","background-position":"center center","background-size":"auto","background-attachment":"scroll","background-type":"","background-media":"","overlay-type":"","overlay-color":"","overlay-opacity":"","overlay-gradient":""},"mobile":{"background-color":"var(--ast-global-color-5)","background-image":"","background-repeat":"repeat","background-position":"center center","background-size":"auto","background-attachment":"scroll","background-type":"","background-media":"","overlay-type":"","overlay-color":"","overlay-opacity":"","overlay-gradient":""}},"footnotes":""},"class_list":["post-24708","page","type-page","status-publish","hentry"],"aioseo_notices":[],"_links":{"self":[{"href":"https:\/\/praxis-segrt.de\/index.php?rest_route=\/wp\/v2\/pages\/24708","targetHints":{"allow":["GET"]}}],"collection":[{"href":"https:\/\/praxis-segrt.de\/index.php?rest_route=\/wp\/v2\/pages"}],"about":[{"href":"https:\/\/praxis-segrt.de\/index.php?rest_route=\/wp\/v2\/types\/page"}],"author":[{"embeddable":true,"href":"https:\/\/praxis-segrt.de\/index.php?rest_route=\/wp\/v2\/users\/1"}],"replies":[{"embeddable":true,"href":"https:\/\/praxis-segrt.de\/index.php?rest_route=%2Fwp%2Fv2%2Fcomments&post=24708"}],"version-history":[{"count":17,"href":"https:\/\/praxis-segrt.de\/index.php?rest_route=\/wp\/v2\/pages\/24708\/revisions"}],"predecessor-version":[{"id":24937,"href":"https:\/\/praxis-segrt.de\/index.php?rest_route=\/wp\/v2\/pages\/24708\/revisions\/24937"}],"wp:attachment":[{"href":"https:\/\/praxis-segrt.de\/index.php?rest_route=%2Fwp%2Fv2%2Fmedia&parent=24708"}],"curies":[{"name":"wp","href":"https:\/\/api.w.org\/{rel}","templated":true}]}}